{"id":37,"date":"2016-07-26T16:57:56","date_gmt":"2016-07-26T16:57:56","guid":{"rendered":"http:\/\/aplic-abpac.org\/?page_id=37"},"modified":"2016-09-26T00:13:02","modified_gmt":"2016-09-26T00:13:02","slug":"new-brunswick-nouveau-brunswick","status":"publish","type":"page","link":"https:\/\/aplic-abpac.org\/wordpress\/fr\/new-brunswick-nouveau-brunswick\/","title":{"rendered":"Nouveau-Brunswick"},"content":{"rendered":"<p>Le comit\u00e9 mixte du Conseil l\u00e9gislatif et de l\u2019Assembl\u00e9e l\u00e9gislative constitue en 1841 la biblioth\u00e8que de l\u2019Assembl\u00e9e l\u00e9gislative du Nouveau-Brunswick. La biblioth\u00e8que, cr\u00e9\u00e9e en 1784, en m\u00eame temps que la province, devient ainsi une entit\u00e9 officielle. Le premier biblioth\u00e9caire parlementaire du Nouveau-Brunswick, Mark Needham, est nomm\u00e9 en 1842. Pendant la majeure partie du 19<sup>e <\/sup>si\u00e8cle, la biblioth\u00e8que est log\u00e9e \u00e0 Province Hall, premier \u00e9difice de l'Assembl\u00e9e l\u00e9gislative. Elle se trouve maintenant dans l\u2019\u00e9difice de l'Assembl\u00e9e l\u00e9gislative, construit entre 1880 et 1882. Un autre b\u00e2timent, situ\u00e9 sur la rue King, derri\u00e8re l'Assembl\u00e9e l\u00e9gislative, abrite les publications gouvernementales.<\/p>\n<p>La biblioth\u00e8que de l\u2019Assembl\u00e9e l\u00e9gislative assure des services d\u2019information et de r\u00e9f\u00e9rence afin de r\u00e9pondre aux besoins de sa client\u00e8le principale, soit les parlementaires provinciaux, le personnel de l'Assembl\u00e9e l\u00e9gislative et les minist\u00e8res. La biblioth\u00e8que est en outre ouverte au public.<\/p>\n<p>La collection de la biblioth\u00e8que est particuli\u00e8rement riche en ce qui a trait aux sciences sociales et humaines, notamment l\u2019administration, la science \u00e9conomique, l\u2019histoire du Canada, la science politique et les questions sociales. La collection n\u00e9o-brunswickoise est la plus vaste de son genre. La collection comprend des documents sur le Nouveau-Brunswick ou de la plume d\u2019auteurs n\u00e9o-brunswickois. La collection compl\u00e8te de la biblioth\u00e8que, y compris les publications gouvernementales, compte environ 220\u00a0000 documents.<\/p>","protected":false},"excerpt":{"rendered":"<p>Le comit\u00e9 mixte du Conseil l\u00e9gislatif et de l\u2019Assembl\u00e9e l\u00e9gislative constitue en 1841 la biblioth\u00e8que de l\u2019Assembl\u00e9e l\u00e9gislative du Nouveau-Brunswick. La biblioth\u00e8que, cr\u00e9\u00e9e en 1784, en m\u00eame temps que la province, devient ainsi une entit\u00e9 officielle. Le premier biblioth\u00e9caire parlementaire du Nouveau-Brunswick, Mark Needham, est nomm\u00e9 en 1842. Pendant la majeure partie du 19e si\u00e8cle, [&hellip;]<\/p>\n","protected":false},"author":1,"featured_media":0,"parent":0,"menu_order":0,"comment_status":"closed","ping_status":"closed","template":"page-memberprofile.php","meta":{"footnotes":""},"class_list":["post-37","page","type-page","status-publish","hentry"],"acf":[],"_links":{"self":[{"href":"https:\/\/aplic-abpac.org\/wordpress\/fr\/wp-json\/wp\/v2\/pages\/37","targetHints":{"allow":["GET"]}}],"collection":[{"href":"https:\/\/aplic-abpac.org\/wordpress\/fr\/wp-json\/wp\/v2\/pages"}],"about":[{"href":"https:\/\/aplic-abpac.org\/wordpress\/fr\/wp-json\/wp\/v2\/types\/page"}],"author":[{"embeddable":true,"href":"https:\/\/aplic-abpac.org\/wordpress\/fr\/wp-json\/wp\/v2\/users\/1"}],"replies":[{"embeddable":true,"href":"https:\/\/aplic-abpac.org\/wordpress\/fr\/wp-json\/wp\/v2\/comments?post=37"}],"version-history":[{"count":5,"href":"https:\/\/aplic-abpac.org\/wordpress\/fr\/wp-json\/wp\/v2\/pages\/37\/revisions"}],"predecessor-version":[{"id":339,"href":"https:\/\/aplic-abpac.org\/wordpress\/fr\/wp-json\/wp\/v2\/pages\/37\/revisions\/339"}],"wp:attachment":[{"href":"https:\/\/aplic-abpac.org\/wordpress\/fr\/wp-json\/wp\/v2\/media?parent=37"}],"curies":[{"name":"wp","href":"https:\/\/api.w.org\/{rel}","templated":true}]}}