{"id":43,"date":"2016-07-26T16:58:43","date_gmt":"2016-07-26T16:58:43","guid":{"rendered":"http:\/\/aplic-abpac.org\/?page_id=43"},"modified":"2025-07-11T16:39:14","modified_gmt":"2025-07-11T16:39:14","slug":"newfoundland-and-labrador-terre-neuve-et-labrador","status":"publish","type":"page","link":"https:\/\/aplic-abpac.org\/wordpress\/fr\/newfoundland-and-labrador-terre-neuve-et-labrador\/","title":{"rendered":"Terre-Neuve-et-Labrador"},"content":{"rendered":"<p>On trouve la premi\u00e8re mention de la Biblioth\u00e8que l\u00e9gislative dans le Journal de la Chambre d\u2019assembl\u00e9e, en 1836, trois ans apr\u00e8s l\u2019instauration d\u2019un gouvernement repr\u00e9sentatif dans la colonie de Terre-Neuve. La Biblioth\u00e8que continue d\u2019offrir ses services apr\u00e8s l\u2019\u00e9tablissement d\u2019un gouvernement responsable, en 1855. Suivant les recommandations de la Commission royale Amulree et le d\u00e9clin de la situation financi\u00e8re du dominion, la Chambre d\u2019assembl\u00e9e demande, en 1933, \u00e0 ce qu\u2019on suspende la Constitution et le gouvernement responsable de Terre-Neuve. Du 16 f\u00e9vrier 1934, date \u00e0 laquelle est suspendu son statut de dominion, \u00e0 1949, Terre-Neuve est gouvern\u00e9e par une commission compos\u00e9e d\u2019un gouverneur nomm\u00e9, de trois commissaires de Terre-Neuve et de trois commissaires de Grande-Bretagne. Au cours de cette p\u00e9riode, la Biblioth\u00e8que demeure ferm\u00e9e. Puis, en ao\u00fbt 1949, cinq mois \u00e0 peine apr\u00e8s l\u2019entr\u00e9e de Terre-Neuve dans la Conf\u00e9d\u00e9ration canadienne, la Biblioth\u00e8que l\u00e9gislative rouvre ses portes.<\/p>\n<p>Aujourd\u2019hui, la Biblioth\u00e8que l\u00e9gislative de Terre-Neuve-et-Labrador offre des services de documentation parlementaire non partisans et confidentiels \u00e0 tous les d\u00e9put\u00e9s et fonctionnaires \u00e0 la Chambre d\u2019assembl\u00e9e ainsi qu\u2019\u00e0 leur personnel de soutien. Elle offre \u00e9galement des services au reste de la fonction publique provinciale et, dans une certaine mesure, au grand public.<\/p>\n<p>La Biblioth\u00e8que poss\u00e8de une vaste collection de documents du XVIIIe si\u00e8cle \u00e0 aujourd\u2019hui. Elle est en outre le d\u00e9positaire officiel des documents publi\u00e9s par le gouvernement de Terre-Neuve-et-Labrador. \u00c0 ce titre, elle est charg\u00e9e de pr\u00e9server ces documents pour un usage \u00e0 long terme et pour la post\u00e9rit\u00e9, quel que soit leur format original ou le support sur lequel ils sont conserv\u00e9s.<\/p>\n<p>La Biblioth\u00e8que donne acc\u00e8s \u00e0 plusieurs bases de donn\u00e9es con\u00e7ues \u00e0 l\u2019interne et \u00e0 l\u2019externe. Elle compte notamment, parmi ses ressources internes, un catalogue \u00e9lectronique, un index des m\u00e9dias locaux, un index des d\u00e9put\u00e9s, un index des communiqu\u00e9s de presse remontant \u00e0 2001 et l\u2019index annuel du hansard. Enfin, la Biblioth\u00e8que se charge d\u2019entretenir le site Web de la Chambre d\u2019assembl\u00e9e.<\/p>\n<p>La Biblioth\u00e8que loge dans le Bloc Est de l\u2019\u00c9difice de la Conf\u00e9d\u00e9ration, lequel abrite le pouvoir l\u00e9gislatif et le pouvoir ex\u00e9cutif du gouvernement.<\/p>","protected":false},"excerpt":{"rendered":"<p>On trouve la premi\u00e8re mention de la Biblioth\u00e8que l\u00e9gislative dans le Journal de la Chambre d\u2019assembl\u00e9e, en 1836, trois ans apr\u00e8s l\u2019instauration d\u2019un gouvernement repr\u00e9sentatif dans la colonie de Terre-Neuve. La Biblioth\u00e8que continue d\u2019offrir ses services apr\u00e8s l\u2019\u00e9tablissement d\u2019un gouvernement responsable, en 1855. Suivant les recommandations de la Commission royale Amulree et le d\u00e9clin de [&hellip;]<\/p>\n","protected":false},"author":1,"featured_media":0,"parent":0,"menu_order":0,"comment_status":"closed","ping_status":"closed","template":"page-memberprofile.php","meta":{"footnotes":""},"class_list":["post-43","page","type-page","status-publish","hentry"],"acf":[],"_links":{"self":[{"href":"https:\/\/aplic-abpac.org\/wordpress\/fr\/wp-json\/wp\/v2\/pages\/43","targetHints":{"allow":["GET"]}}],"collection":[{"href":"https:\/\/aplic-abpac.org\/wordpress\/fr\/wp-json\/wp\/v2\/pages"}],"about":[{"href":"https:\/\/aplic-abpac.org\/wordpress\/fr\/wp-json\/wp\/v2\/types\/page"}],"author":[{"embeddable":true,"href":"https:\/\/aplic-abpac.org\/wordpress\/fr\/wp-json\/wp\/v2\/users\/1"}],"replies":[{"embeddable":true,"href":"https:\/\/aplic-abpac.org\/wordpress\/fr\/wp-json\/wp\/v2\/comments?post=43"}],"version-history":[{"count":7,"href":"https:\/\/aplic-abpac.org\/wordpress\/fr\/wp-json\/wp\/v2\/pages\/43\/revisions"}],"predecessor-version":[{"id":2574,"href":"https:\/\/aplic-abpac.org\/wordpress\/fr\/wp-json\/wp\/v2\/pages\/43\/revisions\/2574"}],"wp:attachment":[{"href":"https:\/\/aplic-abpac.org\/wordpress\/fr\/wp-json\/wp\/v2\/media?parent=43"}],"curies":[{"name":"wp","href":"https:\/\/api.w.org\/{rel}","templated":true}]}}