{"id":45,"date":"2016-07-26T16:59:05","date_gmt":"2016-07-26T16:59:05","guid":{"rendered":"http:\/\/aplic-abpac.org\/?page_id=45"},"modified":"2018-09-19T17:44:43","modified_gmt":"2018-09-19T17:44:43","slug":"northwest-territories-territoires-du-nord-ouest","status":"publish","type":"page","link":"https:\/\/aplic-abpac.org\/wordpress\/fr\/northwest-territories-territoires-du-nord-ouest\/","title":{"rendered":"Territoires du Nord-Ouest"},"content":{"rendered":"<p>La Biblioth\u00e8que de l\u2019Assembl\u00e9e l\u00e9gislative des Territoires du Nord Ouest est en fait l\u2019ancienne biblioth\u00e8que du gouvernement des Territoires du Nord Ouest. Conform\u00e9ment \u00e0 un rapport de d\u00e9cision dat\u00e9 du 5 mars 1992, la biblioth\u00e8que du gouvernement est officiellement devenue la Biblioth\u00e8que de l\u2019Assembl\u00e9e l\u00e9gislative le 1er avril 1992.<\/p>\n<p>La Biblioth\u00e8que est situ\u00e9e au rez de chauss\u00e9e de l\u2019\u00e9difice de l\u2019Assembl\u00e9e l\u00e9gislative. Elle offre des services de r\u00e9f\u00e9rence et d\u2019information aux d\u00e9put\u00e9s provinciaux et aux employ\u00e9s de l\u2019Assembl\u00e9e l\u00e9gislative, au Conseil ex\u00e9cutif, et aux employ\u00e9s du gouvernement territorial, et ce, en respectant cet ordre de priorit\u00e9. Les repr\u00e9sentants des m\u00e9dias, les chercheurs et le public ont \u00e9galement acc\u00e8s \u00e0 la Biblioth\u00e8que, mais ils ne peuvent pas emprunter de documents.<br \/>\nLa Biblioth\u00e8que de l\u2019Assembl\u00e9e l\u00e9gislative offre une collection hautement sp\u00e9cialis\u00e9e de documents sur les Territoires du Nord Ouest. Elle s\u2019emploie \u00e0 acqu\u00e9rir et \u00e0 maintenir une collection de livres, de publications gouvernementales, de rapports, de p\u00e9riodiques et de journaux portant principalement sur les questions nordiques et autochtones, l\u2019histoire du Nord, la science politique, l\u2019administration publique, la sant\u00e9 et les services sociaux. Elle est le d\u00e9p\u00f4t officiel des publications du gouvernement des Territoires du Nord Ouest.<\/p>\n<p>Le catalogue en ligne de la Biblioth\u00e8que et un certain nombre de ressources sont accessibles sur le site Web de l\u2019Assembl\u00e9e l\u00e9gislative \u00e0 l\u2019adresse suivante : http:\/\/www.assembly.gov.nt.ca\/library.<\/p>\n<p>La Biblioth\u00e8que de l\u2019Assembl\u00e9e l\u00e9gislative est ouverte du lundi au vendredi, de 8 h 30 \u00e0 17 h.<\/p>","protected":false},"excerpt":{"rendered":"<p>La Biblioth\u00e8que de l\u2019Assembl\u00e9e l\u00e9gislative des Territoires du Nord Ouest est en fait l\u2019ancienne biblioth\u00e8que du gouvernement des Territoires du Nord Ouest. Conform\u00e9ment \u00e0 un rapport de d\u00e9cision dat\u00e9 du 5 mars 1992, la biblioth\u00e8que du gouvernement est officiellement devenue la Biblioth\u00e8que de l\u2019Assembl\u00e9e l\u00e9gislative le 1er avril 1992. La Biblioth\u00e8que est situ\u00e9e au rez [&hellip;]<\/p>\n","protected":false},"author":1,"featured_media":0,"parent":0,"menu_order":0,"comment_status":"closed","ping_status":"closed","template":"page-memberprofile.php","meta":{"footnotes":""},"class_list":["post-45","page","type-page","status-publish","hentry"],"acf":[],"_links":{"self":[{"href":"https:\/\/aplic-abpac.org\/wordpress\/fr\/wp-json\/wp\/v2\/pages\/45","targetHints":{"allow":["GET"]}}],"collection":[{"href":"https:\/\/aplic-abpac.org\/wordpress\/fr\/wp-json\/wp\/v2\/pages"}],"about":[{"href":"https:\/\/aplic-abpac.org\/wordpress\/fr\/wp-json\/wp\/v2\/types\/page"}],"author":[{"embeddable":true,"href":"https:\/\/aplic-abpac.org\/wordpress\/fr\/wp-json\/wp\/v2\/users\/1"}],"replies":[{"embeddable":true,"href":"https:\/\/aplic-abpac.org\/wordpress\/fr\/wp-json\/wp\/v2\/comments?post=45"}],"version-history":[{"count":13,"href":"https:\/\/aplic-abpac.org\/wordpress\/fr\/wp-json\/wp\/v2\/pages\/45\/revisions"}],"predecessor-version":[{"id":1330,"href":"https:\/\/aplic-abpac.org\/wordpress\/fr\/wp-json\/wp\/v2\/pages\/45\/revisions\/1330"}],"wp:attachment":[{"href":"https:\/\/aplic-abpac.org\/wordpress\/fr\/wp-json\/wp\/v2\/media?parent=45"}],"curies":[{"name":"wp","href":"https:\/\/api.w.org\/{rel}","templated":true}]}}