{"id":49,"date":"2016-07-26T16:59:36","date_gmt":"2016-07-26T16:59:36","guid":{"rendered":"http:\/\/aplic-abpac.org\/?page_id=49"},"modified":"2016-10-05T16:36:42","modified_gmt":"2016-10-05T16:36:42","slug":"nunavut","status":"publish","type":"page","link":"https:\/\/aplic-abpac.org\/wordpress\/fr\/nunavut\/","title":{"rendered":"Nunavut"},"content":{"rendered":"<p>Le Nunavut a la particularit\u00e9 d\u2019\u00eatre le plus r\u00e9cent territoire cr\u00e9\u00e9 au Canada. Son Assembl\u00e9e l\u00e9gislative a en effet tenu sa premi\u00e8re s\u00e9ance le 1er avril 1999.<\/p>\n<p>La Biblioth\u00e8que de l'Assembl\u00e9e l\u00e9gislative du Nunavut est la plus r\u00e9cente du territoire. Elle a \u00e9t\u00e9 fond\u00e9e en 1998, avec l\u2019embauche du biblioth\u00e9caire Gayle Jessop par le Bureau du commissaire int\u00e9rimaire du Nunavut. Elle a commenc\u00e9 \u00e0 offrir des services d\u2019information et \u00e0 constituer sa collection dans des locaux temporaires jusqu\u2019\u00e0 son d\u00e9m\u00e9nagement, \u00e0 l\u2019automne 1999, dans le nouvel \u00e9difice de l\u2019Assembl\u00e9e l\u00e9gislative. Elle est maintenant dot\u00e9e d\u2019une salle de lecture et de recherche inond\u00e9e de lumi\u00e8re gr\u00e2ce \u00e0 ses nombreuses fen\u00eatres.<\/p>\n<p>La Biblioth\u00e8que fournit des services d\u2019information et de r\u00e9f\u00e9rence en anglais et en inuktitut, en plus de maintenir une collection et un catalogue en ligne dans les quatre langues officielles du Nunavut : l\u2019inuktitut, l\u2019anglais, l\u2019inuinnaqtun et le fran\u00e7ais. Ses principaux utilisateurs sont les membres de l\u2019Assembl\u00e9e l\u00e9gislative, y compris les membres du Conseil ex\u00e9cutif, ainsi que le personnel de l\u2019Assembl\u00e9e et les employ\u00e9s des bureaux de circonscription des d\u00e9put\u00e9s. Les fonctionnaires du gouvernement du Nunavut forment aussi une partie importante de sa client\u00e8le \u00e9tant donn\u00e9 qu\u2019il y a peu de biblioth\u00e8ques minist\u00e9rielles. La biblioth\u00e8que invite \u00e9galement le public et les chercheurs du monde entier \u00e0 venir consulter ses collections sur place.<\/p>\n<p>Il incombe \u00e0 la Biblioth\u00e8que de conserver tous les documents publics du gouvernement du Nunavut et de les rendre accessibles. \u00c0 cet effet, la biblioth\u00e8que s\u2019emploie \u00e0 \u00e9tablir un d\u00e9p\u00f4t des documents \u00e9lectroniques du gouvernement du Nunavut, pendant que l\u2019on continue \u00e0 ajouter des documents imprim\u00e9s \u00e0 la collection. La Biblioth\u00e8que conserve aussi les documents publics de la Commission d'\u00e9tablissement du Nunavut et du Bureau du commissaire int\u00e9rimaire, qui ont pr\u00e9sid\u00e9 \u00e0 la cr\u00e9ation du nouveau gouvernement. La collection g\u00e9n\u00e9rale comprend les rapports d\u2019organismes charg\u00e9s des revendications territoriales dans le Nunavut, les rapports annuels d\u2019organismes inuits et divers autres documents traitants de l\u2019histoire et du d\u00e9veloppement du Nunavut.<\/p>\n<p>La Biblioth\u00e8que fait figure de chef de file dans le catalogage en \u00e9criture syllabique (non romaine) de documents en inuktitut, ce qui permet d\u2019utiliser ces caract\u00e8res syllabiques pour rechercher par auteur et par titre des documents publi\u00e9s dans cette langue.<\/p>","protected":false},"excerpt":{"rendered":"<p>Le Nunavut a la particularit\u00e9 d\u2019\u00eatre le plus r\u00e9cent territoire cr\u00e9\u00e9 au Canada. Son Assembl\u00e9e l\u00e9gislative a en effet tenu sa premi\u00e8re s\u00e9ance le 1er avril 1999. La Biblioth\u00e8que de l&#8217;Assembl\u00e9e l\u00e9gislative du Nunavut est la plus r\u00e9cente du territoire. Elle a \u00e9t\u00e9 fond\u00e9e en 1998, avec l\u2019embauche du biblioth\u00e9caire Gayle Jessop par le Bureau [&hellip;]<\/p>\n","protected":false},"author":1,"featured_media":0,"parent":0,"menu_order":0,"comment_status":"closed","ping_status":"closed","template":"page-memberprofile.php","meta":{"footnotes":""},"class_list":["post-49","page","type-page","status-publish","hentry"],"acf":[],"_links":{"self":[{"href":"https:\/\/aplic-abpac.org\/wordpress\/fr\/wp-json\/wp\/v2\/pages\/49","targetHints":{"allow":["GET"]}}],"collection":[{"href":"https:\/\/aplic-abpac.org\/wordpress\/fr\/wp-json\/wp\/v2\/pages"}],"about":[{"href":"https:\/\/aplic-abpac.org\/wordpress\/fr\/wp-json\/wp\/v2\/types\/page"}],"author":[{"embeddable":true,"href":"https:\/\/aplic-abpac.org\/wordpress\/fr\/wp-json\/wp\/v2\/users\/1"}],"replies":[{"embeddable":true,"href":"https:\/\/aplic-abpac.org\/wordpress\/fr\/wp-json\/wp\/v2\/comments?post=49"}],"version-history":[{"count":6,"href":"https:\/\/aplic-abpac.org\/wordpress\/fr\/wp-json\/wp\/v2\/pages\/49\/revisions"}],"predecessor-version":[{"id":374,"href":"https:\/\/aplic-abpac.org\/wordpress\/fr\/wp-json\/wp\/v2\/pages\/49\/revisions\/374"}],"wp:attachment":[{"href":"https:\/\/aplic-abpac.org\/wordpress\/fr\/wp-json\/wp\/v2\/media?parent=49"}],"curies":[{"name":"wp","href":"https:\/\/api.w.org\/{rel}","templated":true}]}}