{"id":5,"date":"2016-07-27T13:06:32","date_gmt":"2016-07-27T13:06:32","guid":{"rendered":"http:\/\/aplic-abpac.org\/wordpress\/?page_id=5"},"modified":"2016-07-27T13:28:48","modified_gmt":"2016-07-27T13:28:48","slug":"opportunities","status":"publish","type":"page","link":"https:\/\/aplic-abpac.org\/wordpress\/fr\/opportunities\/","title":{"rendered":"Les biblioth\u00e8ques parlementaires en tant que milieux de travail"},"content":{"rendered":"<p>Dans les biblioth\u00e8ques parlementaires, le rythme est parfois effr\u00e9n\u00e9; en outre, les connaissances et les capacit\u00e9s que les employ\u00e9s sont appel\u00e9s \u00e0 mettre \u00e0 profit et \u00e0 perfectionner sont vastes et profondes; enfin, les possibilit\u00e9s de tirer parti des nouveaux outils et des nouvelles ressources sont fort int\u00e9ressantes. Toutefois, l\u2019essentiel du travail demeure constant, soit d\u2019offrir des services confidentiels et non partisans permettant aux parlementaires d\u2019obtenir des informations exactes en temps utile.<\/p>\n<p>Les employ\u00e9s des biblioth\u00e8ques parlementaires doivent \u00eatre vifs et cr\u00e9atifs pour trouver, organiser et pr\u00e9senter des informations faisant autorit\u00e9; de fins limiers pour trouver r\u00e9ponse aux questions; habiles \u00e0 cr\u00e9er des produits d\u2019information sur une myriade de sujets; et capables de donner de la formation sur des outils et des ressources. Ils anticipent les besoins des clients en se tenant au fait des d\u00e9lib\u00e9rations et des activit\u00e9s courantes de la Chambre, et en effectuant la tenue de documents acquis sur support papier et \u00e9lectronique. Chaque biblioth\u00e8que est appuy\u00e9e par la communaut\u00e9 pancanadienne de l\u2019ABPAC et joue un r\u00f4le cl\u00e9 dans le processus d\u00e9mocratique.<\/p>\n<p>Les biblioth\u00e8ques parlementaires doivent \u00eatre pourvues d\u2019employ\u00e9s poss\u00e9dant de bonnes capacit\u00e9s techniques et de recherche, qui connaissent les technologies de pointe, qui ont de l\u2019exp\u00e9rience du service \u00e0 la client\u00e8le et qui sont d\u00e9sireux d\u2019apprendre. Si vous souhaitez affiner vos comp\u00e9tences et vos connaissances dans des domaines tels que les services de r\u00e9f\u00e9rence, le catalogage et la classification, le d\u00e9veloppement des collections, les documents gouvernementaux, la gestion des documents et la recherche documentaire en ligne, vous trouverez votre emploi dans une biblioth\u00e8que parlementaire stimulant et gratifiant.<\/p>","protected":false},"excerpt":{"rendered":"<p>Dans les biblioth\u00e8ques parlementaires, le rythme est parfois effr\u00e9n\u00e9; en outre, les connaissances et les capacit\u00e9s que les employ\u00e9s sont appel\u00e9s \u00e0 mettre \u00e0 profit et \u00e0 perfectionner sont vastes et profondes; enfin, les possibilit\u00e9s de tirer parti des nouveaux outils et des nouvelles ressources sont fort int\u00e9ressantes. Toutefois, l\u2019essentiel du travail demeure constant, soit [&hellip;]<\/p>\n","protected":false},"author":1,"featured_media":0,"parent":0,"menu_order":0,"comment_status":"closed","ping_status":"closed","template":"page-opportunities.php","meta":{"footnotes":""},"class_list":["post-5","page","type-page","status-publish","hentry"],"acf":[],"_links":{"self":[{"href":"https:\/\/aplic-abpac.org\/wordpress\/fr\/wp-json\/wp\/v2\/pages\/5","targetHints":{"allow":["GET"]}}],"collection":[{"href":"https:\/\/aplic-abpac.org\/wordpress\/fr\/wp-json\/wp\/v2\/pages"}],"about":[{"href":"https:\/\/aplic-abpac.org\/wordpress\/fr\/wp-json\/wp\/v2\/types\/page"}],"author":[{"embeddable":true,"href":"https:\/\/aplic-abpac.org\/wordpress\/fr\/wp-json\/wp\/v2\/users\/1"}],"replies":[{"embeddable":true,"href":"https:\/\/aplic-abpac.org\/wordpress\/fr\/wp-json\/wp\/v2\/comments?post=5"}],"version-history":[{"count":4,"href":"https:\/\/aplic-abpac.org\/wordpress\/fr\/wp-json\/wp\/v2\/pages\/5\/revisions"}],"predecessor-version":[{"id":101,"href":"https:\/\/aplic-abpac.org\/wordpress\/fr\/wp-json\/wp\/v2\/pages\/5\/revisions\/101"}],"wp:attachment":[{"href":"https:\/\/aplic-abpac.org\/wordpress\/fr\/wp-json\/wp\/v2\/media?parent=5"}],"curies":[{"name":"wp","href":"https:\/\/api.w.org\/{rel}","templated":true}]}}