{"id":51,"date":"2016-07-26T16:59:48","date_gmt":"2016-07-26T16:59:48","guid":{"rendered":"http:\/\/aplic-abpac.org\/?page_id=51"},"modified":"2016-09-26T00:08:11","modified_gmt":"2016-09-26T00:08:11","slug":"ontario","status":"publish","type":"page","link":"https:\/\/aplic-abpac.org\/wordpress\/fr\/ontario\/","title":{"rendered":"Ontario"},"content":{"rendered":"<p>Les origines de la biblioth\u00e8que de l\u2019Assembl\u00e9e l\u00e9gislative de l\u2019Ontario remontent \u00e0 1792, soit 75 ans avant la Conf\u00e9d\u00e9ration, car elle est issue des biblioth\u00e8ques qui ont servi la province du Haut-Canada et la Province unie du Canada. Son premier biblioth\u00e9caire, Robert Baldwin Sullivan, fut nomm\u00e9 en 1827. Au d\u00e9but des ann\u00e9es 1900, elle poss\u00e9dait l\u2019une des plus importantes collections de r\u00e9f\u00e9rence au Canada, mais elle a \u00e9t\u00e9 forc\u00e9e de la reconstituer apr\u00e8s qu\u2019un incendie eut d\u00e9truit l\u2019aile ouest des \u00e9difices du Parlement et la biblioth\u00e8que en 1909. Elle occupe son site actuel depuis 1912.<\/p>\n<p>Au d\u00e9but des ann\u00e9es 1970, elle fut restructur\u00e9e et agrandie pour r\u00e9pondre de fa\u00e7on proactive aux besoins particuliers des parlementaires et du Bureau de l\u2019Assembl\u00e9e. Les professionnels et les experts de la biblioth\u00e8que ont donc mis sur pied des services de r\u00e9f\u00e9rence et de recherche novateurs, et ils ont cr\u00e9\u00e9 des produits d\u2019information personnalis\u00e9s qui s\u2019adaptent au r\u00f4le changeant des parlementaires en cette \u00e8re \u00e9lectronique. Parmi ces nouveaut\u00e9s, notons un service de recherche qui permet de fournir des analyses et un soutien aux d\u00e9put\u00e9s et aux comit\u00e9s l\u00e9gislatifs, un catalogue en ligne, l\u2019acc\u00e8s \u00e0 une vaste gamme de bases de donn\u00e9es, un site Web d\u00e9taill\u00e9, un d\u00e9p\u00f4t num\u00e9rique exhaustif et unique pour les documents gouvernementaux, la num\u00e9risation de documents l\u00e9gislatifs historiques et des services complets de dossiers d\u2019actualit\u00e9s comprenant des documents imprim\u00e9s et \u00e9lectroniques.<\/p>\n<p>La biblioth\u00e8que de l\u2019Assembl\u00e9e l\u00e9gislative joue un r\u00f4le actif dans le milieu des biblioth\u00e8ques parlementaires tant au Canada qu\u2019en Ontario, o\u00f9 elle fait partie d\u2019un consortium provincial de biblioth\u00e8ques qui cherchent \u00e0 offrir un acc\u00e8s s\u00e9curitaire aux documents num\u00e9riques.<\/p>\n<p>Bien que l'\u00e9ventail de ses programmes, services et outils technologiques ait radicalement chang\u00e9 au cours des deux derniers si\u00e8cles, la biblioth\u00e8que a toujours comme principal objectif de fournir aux d\u00e9put\u00e9s des r\u00e9ponses et analyses qui soient \u00e0 la fois fiables, rapides et non partisanes de mani\u00e8re \u00e0 combler leurs besoins en information.<\/p>","protected":false},"excerpt":{"rendered":"<p>Les origines de la biblioth\u00e8que de l\u2019Assembl\u00e9e l\u00e9gislative de l\u2019Ontario remontent \u00e0 1792, soit 75 ans avant la Conf\u00e9d\u00e9ration, car elle est issue des biblioth\u00e8ques qui ont servi la province du Haut-Canada et la Province unie du Canada. Son premier biblioth\u00e9caire, Robert Baldwin Sullivan, fut nomm\u00e9 en 1827. Au d\u00e9but des ann\u00e9es 1900, elle poss\u00e9dait [&hellip;]<\/p>\n","protected":false},"author":1,"featured_media":0,"parent":0,"menu_order":0,"comment_status":"closed","ping_status":"closed","template":"page-memberprofile.php","meta":{"footnotes":""},"class_list":["post-51","page","type-page","status-publish","hentry"],"acf":[],"_links":{"self":[{"href":"https:\/\/aplic-abpac.org\/wordpress\/fr\/wp-json\/wp\/v2\/pages\/51","targetHints":{"allow":["GET"]}}],"collection":[{"href":"https:\/\/aplic-abpac.org\/wordpress\/fr\/wp-json\/wp\/v2\/pages"}],"about":[{"href":"https:\/\/aplic-abpac.org\/wordpress\/fr\/wp-json\/wp\/v2\/types\/page"}],"author":[{"embeddable":true,"href":"https:\/\/aplic-abpac.org\/wordpress\/fr\/wp-json\/wp\/v2\/users\/1"}],"replies":[{"embeddable":true,"href":"https:\/\/aplic-abpac.org\/wordpress\/fr\/wp-json\/wp\/v2\/comments?post=51"}],"version-history":[{"count":6,"href":"https:\/\/aplic-abpac.org\/wordpress\/fr\/wp-json\/wp\/v2\/pages\/51\/revisions"}],"predecessor-version":[{"id":335,"href":"https:\/\/aplic-abpac.org\/wordpress\/fr\/wp-json\/wp\/v2\/pages\/51\/revisions\/335"}],"wp:attachment":[{"href":"https:\/\/aplic-abpac.org\/wordpress\/fr\/wp-json\/wp\/v2\/media?parent=51"}],"curies":[{"name":"wp","href":"https:\/\/api.w.org\/{rel}","templated":true}]}}