{"id":55,"date":"2016-07-26T17:00:30","date_gmt":"2016-07-26T17:00:30","guid":{"rendered":"http:\/\/aplic-abpac.org\/?page_id=55"},"modified":"2025-11-28T16:07:52","modified_gmt":"2025-11-28T16:07:52","slug":"quebec","status":"publish","type":"page","link":"https:\/\/aplic-abpac.org\/wordpress\/fr\/quebec\/","title":{"rendered":"Qu\u00e9bec"},"content":{"rendered":"<p>La Biblioth\u00e8que de l\u2019Assembl\u00e9e nationale r\u00e9pond aux besoins d'information et de recherche des membres de l'Assembl\u00e9e nationale, de leurs collaborateurs, des fonctionnaires parlementaires, des organismes relevant de l'Assembl\u00e9e nationale, tels le Protecteur du citoyen, le Directeur g\u00e9n\u00e9ral des \u00e9lections, le V\u00e9rificateur g\u00e9n\u00e9ral, le Commissaire au lobbyisme, le Commissaire \u00e0 l'\u00e9thique et \u00e0 la d\u00e9ontologie, le Commissaire \u00e0 la langue fran\u00e7aise et le Commissaire au bien-\u00eatre et aux droits des enfants, ainsi que du Lieutenant-gouverneur et des membres de la Tribune de la presse. Bien que cette client\u00e8le prioritaire ait pr\u00e9s\u00e9ance, tous les citoyens peuvent consulter sur place les ressources documentaires de la Biblioth\u00e8que ou faire une demande d'emprunt par l'entremise de leur biblioth\u00e8que municipale.<\/p>","protected":false},"excerpt":{"rendered":"<p>La Biblioth\u00e8que de l\u2019Assembl\u00e9e nationale r\u00e9pond aux besoins d&#8217;information et de recherche des membres de l&#8217;Assembl\u00e9e nationale, de leurs collaborateurs, des fonctionnaires parlementaires, des organismes relevant de l&#8217;Assembl\u00e9e nationale, tels le Protecteur du citoyen, le Directeur g\u00e9n\u00e9ral des \u00e9lections, le V\u00e9rificateur g\u00e9n\u00e9ral, le Commissaire au lobbyisme, le Commissaire \u00e0 l&#8217;\u00e9thique et \u00e0 la d\u00e9ontologie, le [&hellip;]<\/p>\n","protected":false},"author":1,"featured_media":0,"parent":0,"menu_order":0,"comment_status":"closed","ping_status":"closed","template":"page-memberprofile.php","meta":{"footnotes":""},"class_list":["post-55","page","type-page","status-publish","hentry"],"acf":[],"_links":{"self":[{"href":"https:\/\/aplic-abpac.org\/wordpress\/fr\/wp-json\/wp\/v2\/pages\/55","targetHints":{"allow":["GET"]}}],"collection":[{"href":"https:\/\/aplic-abpac.org\/wordpress\/fr\/wp-json\/wp\/v2\/pages"}],"about":[{"href":"https:\/\/aplic-abpac.org\/wordpress\/fr\/wp-json\/wp\/v2\/types\/page"}],"author":[{"embeddable":true,"href":"https:\/\/aplic-abpac.org\/wordpress\/fr\/wp-json\/wp\/v2\/users\/1"}],"replies":[{"embeddable":true,"href":"https:\/\/aplic-abpac.org\/wordpress\/fr\/wp-json\/wp\/v2\/comments?post=55"}],"version-history":[{"count":14,"href":"https:\/\/aplic-abpac.org\/wordpress\/fr\/wp-json\/wp\/v2\/pages\/55\/revisions"}],"predecessor-version":[{"id":2815,"href":"https:\/\/aplic-abpac.org\/wordpress\/fr\/wp-json\/wp\/v2\/pages\/55\/revisions\/2815"}],"wp:attachment":[{"href":"https:\/\/aplic-abpac.org\/wordpress\/fr\/wp-json\/wp\/v2\/media?parent=55"}],"curies":[{"name":"wp","href":"https:\/\/api.w.org\/{rel}","templated":true}]}}