{"id":57,"date":"2016-07-26T17:00:40","date_gmt":"2016-07-26T17:00:40","guid":{"rendered":"http:\/\/aplic-abpac.org\/?page_id=57"},"modified":"2023-08-11T13:18:01","modified_gmt":"2023-08-11T13:18:01","slug":"saskatchewan","status":"publish","type":"page","link":"https:\/\/aplic-abpac.org\/wordpress\/fr\/saskatchewan\/","title":{"rendered":"Saskatchewan"},"content":{"rendered":"<p>La Biblioth\u00e8que de l\u2019Assembl\u00e9e l\u00e9gislative de la Saskatchewan est une grande ressource pour les l\u00e9gislateurs et les chercheurs. Nous offrons des services d\u2019information confidentiels et impartiaux aux d\u00e9put\u00e9s de l\u2019Assembl\u00e9e l\u00e9gislative et \u00e0 leur personnel. En outre, nous offrons des services secondaires \u00e0 la population de la Saskatchewan et permettons au public de consulter sur place les collections de la Biblioth\u00e8que. Pri\u00e8re d\u2019envoyer les demandes \u00e0 <a href=\"mailto:reference@legassembly.sk.ca\">reference@legassembly.sk.ca<\/a>. Notre collection, qui remonte \u00e0 1876, comprend environ un demi\u2011million de documents ax\u00e9s en grande partie sur le gouvernement, la politique et l\u2019histoire. La Biblioth\u00e8que de l\u2019Assembl\u00e9e l\u00e9gislative est l\u2019archive officielle de toutes les publications gouvernementales de la Saskatchewan. Il est possible d\u2019effectuer des recherches dans la collection \u00e0 partir du <a href=\"https:\/\/casls-primo-prod.hosted.exlibrisgroup.com\/primo-explore\/search?sortby=rank&amp;vid=01CASLS_SKLEGIS&amp;lang=en_US\">catalog en ligne<\/a>. Passez nous rendre visite au deuxi\u00e8me \u00e9tage de l\u2019\u00e9difice de l\u2019Assembl\u00e9e l\u00e9gislative, \u00e0 Regina. Notre magnifique salle de lecture est un incontournable des visiteurs.<\/p>","protected":false},"excerpt":{"rendered":"<p>La Biblioth\u00e8que de l\u2019Assembl\u00e9e l\u00e9gislative de la Saskatchewan est une grande ressource pour les l\u00e9gislateurs et les chercheurs. Nous offrons des services d\u2019information confidentiels et impartiaux aux d\u00e9put\u00e9s de l\u2019Assembl\u00e9e l\u00e9gislative et \u00e0 leur personnel. En outre, nous offrons des services secondaires \u00e0 la population de la Saskatchewan et permettons au public de consulter sur [&hellip;]<\/p>\n","protected":false},"author":1,"featured_media":0,"parent":0,"menu_order":0,"comment_status":"closed","ping_status":"closed","template":"page-memberprofile.php","meta":{"footnotes":""},"class_list":["post-57","page","type-page","status-publish","hentry"],"acf":[],"_links":{"self":[{"href":"https:\/\/aplic-abpac.org\/wordpress\/fr\/wp-json\/wp\/v2\/pages\/57","targetHints":{"allow":["GET"]}}],"collection":[{"href":"https:\/\/aplic-abpac.org\/wordpress\/fr\/wp-json\/wp\/v2\/pages"}],"about":[{"href":"https:\/\/aplic-abpac.org\/wordpress\/fr\/wp-json\/wp\/v2\/types\/page"}],"author":[{"embeddable":true,"href":"https:\/\/aplic-abpac.org\/wordpress\/fr\/wp-json\/wp\/v2\/users\/1"}],"replies":[{"embeddable":true,"href":"https:\/\/aplic-abpac.org\/wordpress\/fr\/wp-json\/wp\/v2\/comments?post=57"}],"version-history":[{"count":15,"href":"https:\/\/aplic-abpac.org\/wordpress\/fr\/wp-json\/wp\/v2\/pages\/57\/revisions"}],"predecessor-version":[{"id":2352,"href":"https:\/\/aplic-abpac.org\/wordpress\/fr\/wp-json\/wp\/v2\/pages\/57\/revisions\/2352"}],"wp:attachment":[{"href":"https:\/\/aplic-abpac.org\/wordpress\/fr\/wp-json\/wp\/v2\/media?parent=57"}],"curies":[{"name":"wp","href":"https:\/\/api.w.org\/{rel}","templated":true}]}}