{"id":59,"date":"2016-07-26T17:02:05","date_gmt":"2016-07-26T17:02:05","guid":{"rendered":"http:\/\/aplic-abpac.org\/?page_id=59"},"modified":"2016-10-05T14:42:51","modified_gmt":"2016-10-05T14:42:51","slug":"library-of-parliament-bibliotheque-du-parlement","status":"publish","type":"page","link":"https:\/\/aplic-abpac.org\/wordpress\/fr\/library-of-parliament-bibliotheque-du-parlement\/","title":{"rendered":"Biblioth\u00e8que du Parlement"},"content":{"rendered":"<p>Cr\u00e9\u00e9e au moment de la Conf\u00e9d\u00e9ration, la Biblioth\u00e8que offre du soutien et de l\u2019information dont les s\u00e9nateurs et les d\u00e9put\u00e9s ont besoin pour \u00e9tudier des lois et r\u00e9gler des enjeux qui ont une incidence sur la gouvernance du Canada. Aujourd\u2019hui, nous continuons de faire fond sur cette tradition de service tout en r\u00e9pondant aux besoins uniques d\u2019un Parlement moderne. Nos employ\u00e9s professionnels consultent le vaste \u00e9ventail de ressources pour offrir des renseignements fiables et non partisans, ainsi que des recherches et des analyses pour aider les parlementaires \u00e0 accomplir leurs r\u00f4les \u00e0 la Chambre et en comit\u00e9, \u00e0 servir leurs \u00e9lecteurs et \u00e0 informer les Canadiens au sujet du Parlement.<\/p>","protected":false},"excerpt":{"rendered":"<p>Cr\u00e9\u00e9e au moment de la Conf\u00e9d\u00e9ration, la Biblioth\u00e8que offre du soutien et de l\u2019information dont les s\u00e9nateurs et les d\u00e9put\u00e9s ont besoin pour \u00e9tudier des lois et r\u00e9gler des enjeux qui ont une incidence sur la gouvernance du Canada. Aujourd\u2019hui, nous continuons de faire fond sur cette tradition de service tout en r\u00e9pondant aux besoins [&hellip;]<\/p>\n","protected":false},"author":1,"featured_media":0,"parent":0,"menu_order":0,"comment_status":"closed","ping_status":"closed","template":"page-memberprofile.php","meta":{"footnotes":""},"class_list":["post-59","page","type-page","status-publish","hentry"],"acf":[],"_links":{"self":[{"href":"https:\/\/aplic-abpac.org\/wordpress\/fr\/wp-json\/wp\/v2\/pages\/59","targetHints":{"allow":["GET"]}}],"collection":[{"href":"https:\/\/aplic-abpac.org\/wordpress\/fr\/wp-json\/wp\/v2\/pages"}],"about":[{"href":"https:\/\/aplic-abpac.org\/wordpress\/fr\/wp-json\/wp\/v2\/types\/page"}],"author":[{"embeddable":true,"href":"https:\/\/aplic-abpac.org\/wordpress\/fr\/wp-json\/wp\/v2\/users\/1"}],"replies":[{"embeddable":true,"href":"https:\/\/aplic-abpac.org\/wordpress\/fr\/wp-json\/wp\/v2\/comments?post=59"}],"version-history":[{"count":9,"href":"https:\/\/aplic-abpac.org\/wordpress\/fr\/wp-json\/wp\/v2\/pages\/59\/revisions"}],"predecessor-version":[{"id":373,"href":"https:\/\/aplic-abpac.org\/wordpress\/fr\/wp-json\/wp\/v2\/pages\/59\/revisions\/373"}],"wp:attachment":[{"href":"https:\/\/aplic-abpac.org\/wordpress\/fr\/wp-json\/wp\/v2\/media?parent=59"}],"curies":[{"name":"wp","href":"https:\/\/api.w.org\/{rel}","templated":true}]}}