{"id":61,"date":"2016-07-26T17:15:14","date_gmt":"2016-07-26T17:15:14","guid":{"rendered":"http:\/\/aplic-abpac.org\/?page_id=61"},"modified":"2023-09-06T21:43:09","modified_gmt":"2023-09-06T21:43:09","slug":"british-columbia-colombie-britannique","status":"publish","type":"page","link":"https:\/\/aplic-abpac.org\/wordpress\/fr\/british-columbia-colombie-britannique\/","title":{"rendered":"Colombie-Britannique"},"content":{"rendered":"<p>La Biblioth\u00e8que de l\u2019Assembl\u00e9e l\u00e9gislative de la Colombie-Britannique a \u00e9t\u00e9 \u00e9tablie en\u00a01863 afin d\u2019appuyer l\u2019Assembl\u00e9e coloniale de l\u2019\u00eele de Vancouver et, subs\u00e9quemment, la Province de la Colombie-Britannique lorsque les deux entit\u00e9s se sont unies en 1871. Le premier biblioth\u00e9caire permanent a \u00e9t\u00e9 nomm\u00e9\u00a0en 1893. En 1894, la <em>Legislative Library Act<\/em> a officiellement \u00e9tabli l\u2019institution que nous connaissons aujourd\u2019hui et, en 1915, la Biblioth\u00e8que a emm\u00e9nag\u00e9 dans les locaux qu\u2019elle occupe encore maintenant, tout pr\u00e8s du couloir du Pr\u00e9sident.<\/p>\n<p>Au moment de l\u2019emm\u00e9nagement, on a ajout\u00e9 \u00e0 la collection des archives et les collections d\u2019une biblioth\u00e8que publique provinciale. Avec le temps, les archives provinciales (BC\u00a0Archives) et la direction des services de biblioth\u00e8que publique telles qu\u2019on les connait aujourd\u2019hui, sont devenues des institutions distinctes. En 1985, la Biblioth\u00e8que est redevenue un service exclusif de l\u2019Assembl\u00e9e l\u00e9gislative g\u00e9r\u00e9 directement par le Pr\u00e9sident.<\/p>\n<p>Aujourd\u2019hui, la Biblioth\u00e8que offre des services de recherche aux d\u00e9put\u00e9s, aux caucus et au personnel de circonscription ainsi qu\u2019aux employ\u00e9s de l\u2019Assembl\u00e9e l\u00e9gislative et aux hauts fonctionnaires ind\u00e9pendants. En outre, les biblioth\u00e9caires soutiennent les employ\u00e9s de la fonction publique dans leurs recherches. Les chercheurs externes ont acc\u00e8s \u00e0 la Biblioth\u00e8que lorsque l\u2019Assembl\u00e9e ne si\u00e8ge pas, mais il leur est interdit d\u2019emprunter des documents.<\/p>\n<p>La collection compte environ 500\u00a0000 documents, entrepos\u00e9s sur huit \u00e9tages de l\u2019\u00e9difice. Elle est particuli\u00e8rement riche en documents relevant des domaines des sciences politiques, de l\u2019administration publique, de l\u2019\u00e9conomie, du droit et de l\u2019histoire de la Colombie\u2011Britannique et du Canada. La Biblioth\u00e8que poss\u00e8de la plus vaste collection de publications gouvernementales de la Colombie-Britannique.<\/p>","protected":false},"excerpt":{"rendered":"<p>La Biblioth\u00e8que de l\u2019Assembl\u00e9e l\u00e9gislative de la Colombie-Britannique a \u00e9t\u00e9 \u00e9tablie en\u00a01863 afin d\u2019appuyer l\u2019Assembl\u00e9e coloniale de l\u2019\u00eele de Vancouver et, subs\u00e9quemment, la Province de la Colombie-Britannique lorsque les deux entit\u00e9s se sont unies en 1871. Le premier biblioth\u00e9caire permanent a \u00e9t\u00e9 nomm\u00e9\u00a0en 1893. En 1894, la Legislative Library Act a officiellement \u00e9tabli l\u2019institution que [&hellip;]<\/p>\n","protected":false},"author":1,"featured_media":0,"parent":0,"menu_order":0,"comment_status":"closed","ping_status":"closed","template":"page-memberprofile.php","meta":{"footnotes":""},"class_list":["post-61","page","type-page","status-publish","hentry"],"acf":[],"_links":{"self":[{"href":"https:\/\/aplic-abpac.org\/wordpress\/fr\/wp-json\/wp\/v2\/pages\/61","targetHints":{"allow":["GET"]}}],"collection":[{"href":"https:\/\/aplic-abpac.org\/wordpress\/fr\/wp-json\/wp\/v2\/pages"}],"about":[{"href":"https:\/\/aplic-abpac.org\/wordpress\/fr\/wp-json\/wp\/v2\/types\/page"}],"author":[{"embeddable":true,"href":"https:\/\/aplic-abpac.org\/wordpress\/fr\/wp-json\/wp\/v2\/users\/1"}],"replies":[{"embeddable":true,"href":"https:\/\/aplic-abpac.org\/wordpress\/fr\/wp-json\/wp\/v2\/comments?post=61"}],"version-history":[{"count":9,"href":"https:\/\/aplic-abpac.org\/wordpress\/fr\/wp-json\/wp\/v2\/pages\/61\/revisions"}],"predecessor-version":[{"id":2355,"href":"https:\/\/aplic-abpac.org\/wordpress\/fr\/wp-json\/wp\/v2\/pages\/61\/revisions\/2355"}],"wp:attachment":[{"href":"https:\/\/aplic-abpac.org\/wordpress\/fr\/wp-json\/wp\/v2\/media?parent=61"}],"curies":[{"name":"wp","href":"https:\/\/api.w.org\/{rel}","templated":true}]}}